{"id":1454,"date":"2020-07-26T17:59:24","date_gmt":"2020-07-26T17:59:24","guid":{"rendered":"https:\/\/helvest.ch\/eu\/?post_type=product&#038;p=1454"},"modified":"2024-10-22T14:27:43","modified_gmt":"2024-10-22T14:27:43","slug":"kompletter-16-fach-dcc-nmra-decoder-fuer-weichen-mit-drei-kabeln","status":"publish","type":"product","link":"https:\/\/helvest.ch\/eu\/de\/prodotto\/kompletter-16-fach-dcc-nmra-decoder-fuer-weichen-mit-drei-kabeln\/","title":{"rendered":"DCC\/NMRA-Komplettdecoder f\u00fcr 8 &#8220;Drei-Draht&#8221;-Langsamfahrmotoren f\u00fcr Weichen."},"content":{"rendered":"<style>.fb_iframe_widget span{width:460px !important;} .fb_iframe_widget iframe {margin: 0 !important;}        .fb_edge_comment_widget { display: none !important; }<\/style><div style=\"width:100%; text-align:center\"><div class=\"fb-like\" style=\"width:600px; overflow: hidden !important; \" data-href=\"https:\/\/helvest.ch\/eu\/de\/prodotto\/kompletter-16-fach-dcc-nmra-decoder-fuer-weichen-mit-drei-kabeln\/\" data-size=\"small\" data-colorscheme=\"light\" data-width=\"600\" data-layout=\"standard\" data-action=\"like\" data-show-faces=\"true\" data-share=\"true\" kid_directed_site=\"false\"><\/div><\/div>","protected":false},"excerpt":{"rendered":"<div class=\"woocommerce-product-details__short-description\">\n<p>Kompletter Decoder zur Steuerung von bis zu 8 Weichenantriebe &#8220;mit 3 Kabeln&#8221;. NMRA-DCC-Protokoll mit NMRA-Zertifizierung, er ist mit allen DCC-Zentralen kompatibel.<\/p>\n<p>Er steuert Weichen mit 12V Gleichstrom und gemeinsame Anode und einem maximalen Strom von 500 mA.<\/p>\n<p>Beispiele f\u00fcr Motoren: MTB* MP1, MTB* MP5 und andere, im Zweifelsfall schreiben Sie uns bitte! Nicht geeignet f\u00fcr elektromagnetische Spulen.<\/p>\n<p>Konfiguration und Benutzung sind sehr einfach. Es kann ohne zus\u00e4tzliche Komponenten programmiert werden.<\/p>\n<p>Wenn Sie komplexere Konfigurationen (nur 4 Ausg\u00e4nge oder Kombination mit anderem Zubeh\u00f6r) bevorzugen, k\u00f6nnen Sie die einzelnen Module in den daf\u00fcr vorgesehenen Abschnitten der Website kaufen. F\u00fcr Fragen oder Informationen zu diesem Produkt z\u00f6gern Sie bitte nicht, uns zu kontaktieren!<\/p>\n<p>*Marken Dritter, Eigentum der jeweiligen Inhaber.<\/p>\n<\/div>\n<p> &hellip; <a href=\"https:\/\/helvest.ch\/eu\/de\/prodotto\/kompletter-16-fach-dcc-nmra-decoder-fuer-weichen-mit-drei-kabeln\/\">Read More<\/a><\/p>\n","protected":false},"featured_media":1417,"template":"","meta":[],"product_cat":[211],"product_tag":[],"class_list":{"0":"post-1454","1":"product","2":"type-product","3":"status-publish","4":"has-post-thumbnail","6":"product_cat-completedec-de","8":"first","9":"instock","10":"shipping-taxable","11":"purchasable","12":"product-type-simple"},"_links":{"self":[{"href":"https:\/\/helvest.ch\/eu\/wp-json\/wp\/v2\/product\/1454","targetHints":{"allow":["GET"]}}],"collection":[{"href":"https:\/\/helvest.ch\/eu\/wp-json\/wp\/v2\/product"}],"about":[{"href":"https:\/\/helvest.ch\/eu\/wp-json\/wp\/v2\/types\/product"}],"version-history":[{"count":4,"href":"https:\/\/helvest.ch\/eu\/wp-json\/wp\/v2\/product\/1454\/revisions"}],"predecessor-version":[{"id":1945,"href":"https:\/\/helvest.ch\/eu\/wp-json\/wp\/v2\/product\/1454\/revisions\/1945"}],"wp:featuredmedia":[{"embeddable":true,"href":"https:\/\/helvest.ch\/eu\/wp-json\/wp\/v2\/media\/1417"}],"wp:attachment":[{"href":"https:\/\/helvest.ch\/eu\/wp-json\/wp\/v2\/media?parent=1454"}],"wp:term":[{"taxonomy":"product_cat","embeddable":true,"href":"https:\/\/helvest.ch\/eu\/wp-json\/wp\/v2\/product_cat?post=1454"},{"taxonomy":"product_tag","embeddable":true,"href":"https:\/\/helvest.ch\/eu\/wp-json\/wp\/v2\/product_tag?post=1454"}],"curies":[{"name":"wp","href":"https:\/\/api.w.org\/{rel}","templated":true}]}}