{"id":1181,"date":"2020-01-25T08:45:49","date_gmt":"2020-01-25T08:45:49","guid":{"rendered":"https:\/\/helvest.ch\/eu\/?page_id=1181"},"modified":"2020-11-15T20:07:05","modified_gmt":"2020-11-15T20:07:05","slug":"kontakt","status":"publish","type":"page","link":"https:\/\/helvest.ch\/eu\/de\/kontakt\/","title":{"rendered":"Kontakt"},"content":{"rendered":"\t\t<div data-elementor-type=\"wp-post\" data-elementor-id=\"1181\" class=\"elementor elementor-1181\">\n\t\t\t\t\t\t<div class=\"elementor-inner\">\n\t\t\t\t<div class=\"elementor-section-wrap\">\n\t\t\t\t\t\t\t\t\t<section class=\"elementor-section elementor-top-section elementor-element elementor-element-0d50ab5 elementor-section-boxed elementor-section-height-default elementor-section-height-default\" data-id=\"0d50ab5\" data-element_type=\"section\">\n\t\t\t\t\t\t<div class=\"elementor-container elementor-column-gap-default\">\n\t\t\t\t\t\t\t<div class=\"elementor-row\">\n\t\t\t\t\t<div class=\"elementor-column elementor-col-66 elementor-top-column elementor-element elementor-element-daf331a\" data-id=\"daf331a\" data-element_type=\"column\">\n\t\t\t<div class=\"elementor-column-wrap elementor-element-populated\">\n\t\t\t\t\t\t\t<div class=\"elementor-widget-wrap\">\n\t\t\t\t\t\t<div class=\"elementor-element elementor-element-4fa91fe elementor-widget elementor-widget-text-editor\" data-id=\"4fa91fe\" data-element_type=\"widget\" data-widget_type=\"text-editor.default\">\n\t\t\t\t<div class=\"elementor-widget-container\">\n\t\t\t\t\t\t\t\t<div class=\"elementor-text-editor elementor-clearfix\">\n\t\t\t\t<p><span style=\"color: #cc3333;\"><strong>Haben sie Fragen?<\/strong><\/span><\/p><p>Wenn Sie im Zweifel sind, welches Produkt f\u00fcr Sie das richtige ist, oder wenn Sie nicht sicher sind, welches Helvest-Produkt f\u00fcr Ihr Zubeh\u00f6r geeignet ist;<\/p><p>Wenn Sie Informationen \u00fcber die Verwendung der Produkte ben\u00f6tigen und diese nicht im Handbuch finden;<\/p><p>Oder f\u00fcr jede Frage&#8230;<\/p><p>Bitte kontaktieren Sie uns und Sie werden so schnell wie m\u00f6glich eine Antwort erhalten!<\/p><p><span style=\"color: #cc3333;\"><strong>Wie k\u00f6nnen Sie uns kontaktieren?<\/strong><\/span><\/p><ul><li>indem Sie das Formular auf dieser Seite ausf\u00fcllen;<\/li><li>indem Sie uns auf unserer Facebook-Seite schreiben;<\/li><li>im Chat unter der Nummer +44 7937 427093 (bitte nur whatsapp, weil diese Nummer nicht angerufen werden kann!)<\/li><\/ul><p><span style=\"color: #cc3333;\"><strong>\u00dcber Sonderw\u00fcnsche oder Beratung:<\/strong><\/span><\/p><p>Wir k\u00f6nnen auch Beratung f\u00fcr den Entwurf des Steuerungssystems von kleinen oder gro\u00dfen Anlagen oder einzelnen Modulen oder f\u00fcr deren Realisierung anbieten. Bitte kontaktieren Sie uns f\u00fcr weitere Informationen.<\/p>\t\t\t\t\t<\/div>\n\t\t\t\t\t\t<\/div>\n\t\t\t\t<\/div>\n\t\t\t\t\t\t<\/div>\n\t\t\t\t\t<\/div>\n\t\t<\/div>\n\t\t\t\t<div class=\"elementor-column elementor-col-33 elementor-top-column elementor-element elementor-element-ea830fa\" data-id=\"ea830fa\" data-element_type=\"column\">\n\t\t\t<div class=\"elementor-column-wrap elementor-element-populated\">\n\t\t\t\t\t\t\t<div class=\"elementor-widget-wrap\">\n\t\t\t\t\t\t<div class=\"elementor-element elementor-element-54fbaac elementor-widget elementor-widget-themo-formidable-form\" data-id=\"54fbaac\" data-element_type=\"widget\" data-widget_type=\"themo-formidable-form.default\">\n\t\t\t\t<div class=\"elementor-widget-container\">\n\t\t\t            <div class=\"th-fo-form  th-centered th-form-default  th-btn-form btn-standard-primary-form\"><div class=\"frm_forms  with_frm_style frm_style_formidable-style\" id=\"frm_form_3_container\" >\n<form enctype=\"multipart\/form-data\" method=\"post\" class=\"frm-show-form \" id=\"form_mi3ig22\" >\n<div class=\"frm_form_fields \">\n<fieldset>\n<legend class=\"frm_screen_reader\">Contact Form DE<\/legend>\r\n\r\n<div class=\"frm_fields_container\">\n<input type=\"hidden\" name=\"frm_action\" value=\"create\" \/>\n<input type=\"hidden\" name=\"form_id\" value=\"3\" \/>\n<input type=\"hidden\" name=\"frm_hide_fields_3\" id=\"frm_hide_fields_3\" value=\"\" \/>\n<input type=\"hidden\" name=\"form_key\" value=\"mi3ig22\" \/>\n<input type=\"hidden\" name=\"item_meta[0]\" value=\"\" \/>\n<input type=\"hidden\" id=\"frm_submit_entry_3\" name=\"frm_submit_entry_3\" value=\"ce6d47bdcb\" \/><input type=\"hidden\" name=\"_wp_http_referer\" value=\"\/eu\/wp-json\/wp\/v2\/pages\/1181\" \/><div id=\"frm_field_12_container\" class=\"frm_form_field form-field  frm_required_field frm_top_container\">\r\n    <label for=\"field_nyi1z3\" id=\"field_nyi1z3_label\" class=\"frm_primary_label\">Name\r\n        <span class=\"frm_required\">*<\/span>\r\n    <\/label>\r\n    <input type=\"text\" id=\"field_nyi1z3\" name=\"item_meta[12]\" value=\"\"  data-reqmsg=\"Questo campo non pu\u00f2 essere vuoto.\" aria-required=\"true\" data-invmsg=\"Text is invalid\" aria-invalid=\"false\"  \/>\r\n    \r\n    \r\n<\/div>\n<div id=\"frm_field_13_container\" class=\"frm_form_field form-field  frm_required_field frm_top_container\">\r\n    <label for=\"field_eh01c3\" id=\"field_eh01c3_label\" class=\"frm_primary_label\">Email\r\n        <span class=\"frm_required\">*<\/span>\r\n    <\/label>\r\n    <input type=\"email\" id=\"field_eh01c3\" name=\"item_meta[13]\" value=\"\"  data-reqmsg=\"Questo campo non pu\u00f2 essere vuoto.\" aria-required=\"true\" data-invmsg=\"L&#039;email inserita non \u00e8 valida.\" aria-invalid=\"false\"  \/>\r\n    \r\n    \r\n<\/div>\n<div id=\"frm_field_14_container\" class=\"frm_form_field form-field  frm_required_field frm_top_container\">\r\n    <label for=\"field_7kmi13\" id=\"field_7kmi13_label\" class=\"frm_primary_label\">Inhalt\r\n        <span class=\"frm_required\">*<\/span>\r\n    <\/label>\r\n    \t\t<select name=\"item_meta[14]\" id=\"field_7kmi13\"  data-reqmsg=\"Questo campo non pu\u00f2 essere vuoto.\" aria-required=\"true\" data-invmsg=\"Inhalt is invalid\" aria-invalid=\"false\"  >\n\t\t<option  value=\"\" selected='selected'> <\/option><option  value=\"Ich brauche Unterst\u00fctzung\">Ich brauche Unterst\u00fctzung<\/option><option  value=\"Produktinformationen\">Produktinformationen<\/option><option  value=\"Businessinformationen\">Businessinformationen<\/option><option  value=\"Ich bin H\u00e4ndler\">Ich bin H\u00e4ndler<\/option><option  value=\"Ich m\u00f6chte ein Beratungsangebot\">Ich m\u00f6chte ein Beratungsangebot<\/option><option  value=\"Anderes\">Anderes<\/option>\t<\/select>\n\t\r\n    \r\n    \r\n<\/div>\n<div id=\"frm_field_15_container\" class=\"frm_form_field form-field  frm_required_field frm_top_container\">\r\n    <label for=\"field_icahn3\" id=\"field_icahn3_label\" class=\"frm_primary_label\">Ihre Nachricht\r\n        <span class=\"frm_required\">*<\/span>\r\n    <\/label>\r\n    <textarea name=\"item_meta[15]\" id=\"field_icahn3\" rows=\"5\"  data-reqmsg=\"Questo campo non pu\u00f2 essere vuoto.\" aria-required=\"true\" data-invmsg=\"Ihre Nachricht non \u00e8 valido\" aria-invalid=\"false\"  ><\/textarea>\r\n    \r\n    \r\n<\/div>\n<div id=\"frm_field_16_container\" class=\"frm_form_field form-field  frm_none_container\">\r\n    <div  id=\"field_gqd1c3_label\" class=\"frm_primary_label\">CAPTCHA\r\n        <span class=\"frm_required\"><\/span>\r\n    <\/div>\r\n    <div  id=\"field_gqd1c3\" class=\"g-recaptcha\" data-sitekey=\"6LfywaEUAAAAAJXMhQlR9C6CUTqPWEbnfVI2LKt2\" data-size=\"normal\" data-theme=\"light\"><\/div>\r\n    \r\n    \r\n<\/div>\n<div id=\"frm_field_23_container\" class=\"frm_form_field form-field \">\r\n\t<div class=\"frm_submit\">\r\n\r\n<button class=\"frm_button_submit\" type=\"submit\"  >Senden<\/button>\r\n\r\n<\/div>\r\n<\/div>\n\t<input type=\"hidden\" name=\"item_key\" value=\"\" \/>\n\t\t\t<div id=\"frm_field_26_container\">\n\t\t\t<label for=\"field_78o0j\" >\n\t\t\t\tSe sei un essere umano, lascia questo campo vuoto.\t\t\t<\/label>\n\t\t\t<input  id=\"field_78o0j\" type=\"text\" class=\"frm_form_field form-field frm_verify\" name=\"item_meta[26]\" value=\"\"  \/>\n\t\t<\/div>\n\t\t<input name=\"frm_state\" type=\"hidden\" value=\"mEoTMzhjnJ1929FhCxCgsXCp+lHHI2tbRTpbrS5QHqY=\" \/><\/div>\n<\/fieldset>\n<\/div>\n\n<\/form>\n<\/div>\n<\/div>\n            \t\t<\/div>\n\t\t\t\t<\/div>\n\t\t\t\t\t\t<\/div>\n\t\t\t\t\t<\/div>\n\t\t<\/div>\n\t\t\t\t\t\t\t\t<\/div>\n\t\t\t\t\t<\/div>\n\t\t<\/section>\n\t\t\t\t\t\t\t\t\t<\/div>\n\t\t\t<\/div>\n\t\t\t\t\t<\/div>\n\t\t","protected":false},"excerpt":{"rendered":"<p>Haben sie Fragen? Wenn Sie im Zweifel sind, welches Produkt f\u00fcr Sie das richtige ist, oder wenn Sie nicht sicher sind, welches Helvest-Produkt f\u00fcr Ihr Zubeh\u00f6r geeignet ist; Wenn Sie Informationen \u00fcber die Verwendung der Produkte ben\u00f6tigen und diese nicht &hellip; <a href=\"https:\/\/helvest.ch\/eu\/de\/kontakt\/\">Read More<\/a><\/p>\n","protected":false},"author":1,"featured_media":0,"parent":0,"menu_order":0,"comment_status":"closed","ping_status":"closed","template":"","meta":{"footnotes":""},"class_list":["post-1181","page","type-page","status-publish","hentry"],"_links":{"self":[{"href":"https:\/\/helvest.ch\/eu\/wp-json\/wp\/v2\/pages\/1181","targetHints":{"allow":["GET"]}}],"collection":[{"href":"https:\/\/helvest.ch\/eu\/wp-json\/wp\/v2\/pages"}],"about":[{"href":"https:\/\/helvest.ch\/eu\/wp-json\/wp\/v2\/types\/page"}],"author":[{"embeddable":true,"href":"https:\/\/helvest.ch\/eu\/wp-json\/wp\/v2\/users\/1"}],"replies":[{"embeddable":true,"href":"https:\/\/helvest.ch\/eu\/wp-json\/wp\/v2\/comments?post=1181"}],"version-history":[{"count":4,"href":"https:\/\/helvest.ch\/eu\/wp-json\/wp\/v2\/pages\/1181\/revisions"}],"predecessor-version":[{"id":1828,"href":"https:\/\/helvest.ch\/eu\/wp-json\/wp\/v2\/pages\/1181\/revisions\/1828"}],"wp:attachment":[{"href":"https:\/\/helvest.ch\/eu\/wp-json\/wp\/v2\/media?parent=1181"}],"curies":[{"name":"wp","href":"https:\/\/api.w.org\/{rel}","templated":true}]}}