{"id":1128,"date":"2020-01-24T09:53:27","date_gmt":"2020-01-24T09:53:27","guid":{"rendered":"https:\/\/helvest.ch\/eu\/?page_id=1128"},"modified":"2020-01-24T10:00:29","modified_gmt":"2020-01-24T10:00:29","slug":"sf-lizenz-de","status":"publish","type":"page","link":"https:\/\/helvest.ch\/eu\/de\/sf-lizenz-de\/","title":{"rendered":"Software- und Firmware-Lizenz"},"content":{"rendered":"\t\t<div data-elementor-type=\"wp-post\" data-elementor-id=\"1128\" class=\"elementor elementor-1128\">\n\t\t\t\t\t\t<div class=\"elementor-inner\">\n\t\t\t\t<div class=\"elementor-section-wrap\">\n\t\t\t\t\t\t\t\t\t<section class=\"elementor-section elementor-top-section elementor-element elementor-element-e2455f0 elementor-section-boxed elementor-section-height-default elementor-section-height-default\" data-id=\"e2455f0\" data-element_type=\"section\">\n\t\t\t\t\t\t<div class=\"elementor-container elementor-column-gap-default\">\n\t\t\t\t\t\t\t<div class=\"elementor-row\">\n\t\t\t\t\t<div class=\"elementor-column elementor-col-100 elementor-top-column elementor-element elementor-element-cef7932\" data-id=\"cef7932\" data-element_type=\"column\">\n\t\t\t<div class=\"elementor-column-wrap elementor-element-populated\">\n\t\t\t\t\t\t\t<div class=\"elementor-widget-wrap\">\n\t\t\t\t\t\t<div class=\"elementor-element elementor-element-5387fb0 elementor-widget elementor-widget-text-editor\" data-id=\"5387fb0\" data-element_type=\"widget\" data-widget_type=\"text-editor.default\">\n\t\t\t\t<div class=\"elementor-widget-container\">\n\t\t\t\t\t\t\t\t<div class=\"elementor-text-editor elementor-clearfix\">\n\t\t\t\t<p><span style=\"color: #ce181e;\"><span style=\"font-family: Rubik Light;\"><span style=\"font-size: medium;\">Nutzung, Upgrade und Download der Software- und Firmware-Produkte von Helvest Systems GmbH<\/span><\/span><\/span><\/p><p>Allgemeine Lizenzbedingungen f\u00fcr Software- und Firmware-Produkte der Helvest Sysyems GmbH, route des Pervenches 1, 1700 Fribourg (CH).<\/p><p>Der Benutzer wird gebeten, die Lizenzbedingungen zu lesen, bevor er die Helvest Software- und Firmware-Produkte benutzt oder irgendwelche Operationen daran ausf\u00fchrt.<\/p><p>Mit dem Kauf eines Helvest Produktes oder mit dem Herunterladen, Installieren oder Aktualisieren von Software, Firmware oder Anwendungen, die der \u00d6ffentlichkeit zur Verf\u00fcgung gestellt werden, erkl\u00e4ren Sie Ihr Einverst\u00e4ndnis mit den Bedingungen dieser Vereinbarung. Wenn Sie mit diesen Bedingungen nicht einverstanden sind, ist es Ihnen nicht gestattet, Software- oder Firmware-Produkte herunterzuladen oder zu verwenden.<\/p><p><span style=\"color: #ce181e;\"><span style=\"font-family: Rubik Light;\"><span style=\"font-size: large;\">1. Einsatzgebiet<br \/><\/span><\/span><\/span><\/p><p><span style=\"font-family: Rubik Light;\"><span style=\"font-size: medium;\">1.1\u00a0<\/span>Diese Lizenzbedingungen gelten f\u00fcr die Nutzung von Softwareprodukten, die kostenlos heruntergeladen oder unter www.helvest.ch\/eu erworben werden k\u00f6nnen, f\u00fcr Firmware auf den Produkten zum Zeitpunkt des Kaufs oder f\u00fcr Firmware, die zur Installation auf elektronischen Ger\u00e4ten der Helvest Systems GmbH oder zu deren Aktualisierung gegeben wird, und\/oder f\u00fcr Anwendungen, die auf mobilen Ger\u00e4ten oder IoTs installiert werden sollen. Wir behalten uns ausdr\u00fccklich das Recht vor, \u00c4nderungen und Erg\u00e4nzungen vorzunehmen. Dar\u00fcber hinaus gelten unsere Allgemeinen Verkaufsbedingungen in der jeweils g\u00fcltigen Fassung.<\/span><\/p><p><span style=\"color: #ce181e;\"><span style=\"font-family: Rubik Light;\"><span style=\"font-size: large;\">2. Gegenstand der Lizenz<br \/><\/span><\/span><\/span><\/p><p><span style=\"font-family: Rubik Light;\"><span style=\"font-size: medium;\">2.1 <\/span><\/span>Gegenstand der Lizenz sind:<br \/>&#8211; die vorinstallierte Firmware, die auf &#8220;Helvest&#8221;-Modulger\u00e4ten f\u00fcr die Modellbahn verf\u00fcgbar ist.<\/p><p>&#8211; weitere Versionen der Software\/Firmware und zugeh\u00f6rige Updates, die von unseren Kunden von unserer Seite heruntergeladen werden k\u00f6nnen.<\/p><p>&#8211; die PC-Anwendung zur Verwaltung der Diagnose und Aktualisierung der oben genannten Ger\u00e4te.<\/p><p>2.2 Der Lizenznehmer ist verantwortlich f\u00fcr die technischen Anforderungen seines Computers f\u00fcr die Installation der Software sowie die damit verbundenen Updates.<\/p><p>2.3 Der Lizenznehmer erkennt an, dass es nicht m\u00f6glich ist, eine Software zu implementieren, die in allen Situationen v\u00f6llig fehlerfrei ist. Gegenstand der Lizenz ist daher die Software, die ohne wesentliche Unannehmlichkeiten in den jeweils verf\u00fcgbaren Versionen verwendet werden kann.<\/p><p><span style=\"color: #ce181e;\"><span style=\"font-family: Rubik Light;\"><span style=\"font-size: large;\">3. Copyright<\/span><\/span><\/span><\/p><p><span style=\"font-family: Rubik Light;\"><span style=\"font-size: medium;\">3.1\u00a0<\/span><\/span>Die zur Verf\u00fcgung gestellte Software und Firmware sind durch das Copyright-Gesetz gesch\u00fctzt.<\/p><p>3.2 Der Lizenznehmer erkennt an, dass ihm au\u00dferhalb dieser Lizenzbedingungen keine Rechte an der Software und Firmware zustehen und dass diese Rechte beim Lizenzgeber bzw. beim Urheberrechtsinhaber verbleiben.<\/p><p>3.2 Es besteht kein Anspruch auf den Quellcode oder einen entschl\u00fcsselten ausf\u00fchrbaren Code.<\/p><p><span style=\"font-family: Rubik Light;\"><span style=\"font-size: medium;\">\u00a0<\/span><\/span><span style=\"color: #ce181e;\"><span style=\"font-family: Rubik Light;\"><span style=\"font-size: large;\">4 Einr\u00e4umung von Nutzungsrechten<br \/><\/span><\/span><\/span><\/p><p>4.1 Im Rahmen dieser Bestimmungen erh\u00e4lt der Kunde ein pers\u00f6nliches, nicht exklusives Nutzungsrecht (Lizenz) f\u00fcr die gekaufte und\/oder heruntergeladene Firmware und Software in der zum Zeitpunkt des Erwerbs bereitgestellten Version. Der Kunde ist verpflichtet, die Firmware und Software nur f\u00fcr pers\u00f6nliche Zwecke zu nutzen.<\/p><p>4.2 Der Kunde ist berechtigt, die Software nur auf pers\u00f6nlichen Ger\u00e4ten f\u00fcr den pers\u00f6nlichen Gebrauch zu installieren und dabei so viele Kopien anzufertigen, wie f\u00fcr diesen Zweck unbedingt notwendig sind.<\/p><p>4.3 Der Kunde ist nur berechtigt, die gelieferte Firmware auf elektronische Produkte der Helvest Systems GmbH zu installieren, sofern der Lizenznehmer nichts anderes bestimmt.<\/p><p>4.4 Der Kunde darf weder Software oder Firmware noch Teile davon vervielf\u00e4ltigen. Er darf die Software oder Teile davon nicht professionell vertreiben oder Unterlizenzen vergeben.<\/p><p>4.5 Der Kunde darf die in der Software und Firmware enthaltenen Urheberrechtsvermerke, Marken, Hersteller-ID, Seriennummern oder andere Merkmale nicht ver\u00e4ndern, entfernen oder anderweitig unkenntlich machen.<\/p><p>4.6 Der Kunde darf die Software nicht modifizieren. Die Dekompilierung ist nicht gestattet, au\u00dfer in den gesetzlich vorgesehenen F\u00e4llen.<\/p><p>4.7 Der Kunde darf weder die Firmware ver\u00e4ndern, noch versuchen, den ausf\u00fchrbaren Code zu entschl\u00fcsseln, der in gesch\u00fctzter Form auf der Website zur Verf\u00fcgung gestellt wird, noch auf andere Weise die vom Lizenznehmer zum Schutz seines Urheberrechts eingef\u00fchrten Schutzma\u00dfnahmen verletzen.<\/p><p>4.8 Es ist nicht verboten, den werkseitig installierten Bootloader durch einen anderen zu ersetzen. Allerdings verliert der Kunde dadurch alle Rechte zur Nutzung, Wiederherstellung und Aktualisierung der propriet\u00e4ren Firmware sowie jegliche Form der Garantie.<\/p><p>4.9 Der Kunde ist nicht berechtigt, Firmware und Software an Dritte zu liefern oder zu \u00fcbertragen. Ebenso darf der Kunde Dritten keine Passw\u00f6rter oder Zugangscodes f\u00fcr die Software oder zugeh\u00f6rige Datenbanken zur Verf\u00fcgung stellen. Wenn ein Dritter an der Software interessiert ist, kann er sich direkt per E-Mail oder per Kontaktformular auf der Website an den Lizenzgeber Helvest Systems GmbH wenden.<\/p><p><span style=\"color: #ce181e;\"><span style=\"font-family: Rubik Light;\"><span style=\"font-size: large;\">5.<\/span><span style=\"font-size: large;\"> R\u00fccktrittsrecht<br \/><\/span><\/span><\/span><\/p><p><span style=\"font-family: Rubik Light;\"><span style=\"font-size: large;\">5.1\u00a0 <\/span>Jede Partei kann diese Lizenz aus berechtigten Gr\u00fcnden k\u00fcndigen. Es wird davon ausgegangen, dass der Lizenzgeber einen Grund hat, insbesondere wenn der Kunde die Bestimmungen von Abschnitt 4 dieser Lizenzbedingungen nicht einh\u00e4lt, insbesondere wenn er sich wiederholt. Im Falle einer K\u00fcndigung ist der Kunde verpflichtet, alle in seinem Besitz befindlichen Daten, einschlie\u00dflich etwaiger Zugangspassw\u00f6rter und etwaiger Kopien der Software, zu l\u00f6schen oder zu vernichten. Auf Verlangen des Lizenzgebers hat der Kunde die L\u00f6schung oder vollst\u00e4ndige Vernichtung schriftlich zu best\u00e4tigen.<\/span><\/p><p><span style=\"color: #ce181e;\"><span style=\"font-family: Rubik Light;\"><span style=\"font-size: large;\">6.\u00a0<\/span>Haftung des Lizenznehmers f\u00fcr M\u00e4ngel des gelieferten Produkts<\/span><\/span><\/p><p><span style=\"font-family: Rubik Light;\"><span style=\"font-size: medium;\">6.1<\/span><\/span><\/p><p>The following clauses apply in addition to the General Terms and Conditions of Sale.<\/p><p>6.2 For products downloaded from the Internet, the licensor assumes no responsibility for any viruses or problems that may occur on the licensee&#8217;s devices.<\/p><p>6.3 The licensor warrants that, in the event of regular use, the software will perform the functions described in the product description. The warranty does not include defects resulting from the fact that the software is modified, damaged, used inappropriately or inadequately or otherwise than as stipulated in this license.<\/p><p>6.4 In the event of a claim by the Licensee for malfunctions and a request for repair in accordance with the legal or contractual warranty conditions, the Licensee is not entitled to any rights if the Licensee has failed to take appropriate and technically up-to-date security measures against external actions, in particular against viruses and other phenomena that could put individual data or entire storage devices at risk.<\/p><p><span style=\"color: #ce181e;\"><span style=\"font-family: Rubik Light;\"><span style=\"font-size: large;\">7.<\/span>\u00a0Anwendung der AGB<\/span><\/span><\/p><p><span style=\"font-family: Rubik Light;\"><span style=\"font-size: medium;\">7.1\u00a0<\/span>Dar\u00fcber hinaus gelten unsere Allgemeinen Verkaufsbedingungen in der jeweils g\u00fcltigen Fassung. Im Falle eines Widerspruchs haben die Bedingungen dieser Lizenzvereinbarung Vorrang.<\/span><\/p><p><span style=\"color: #ce181e;\"><span style=\"font-family: Rubik Light;\"><span style=\"font-size: large;\">8 Schlussbestimmungen<br \/><\/span><\/span><\/span><\/p><p><span style=\"font-family: Rubik Light;\"><span style=\"font-size: medium;\">8.1 <\/span><\/span>Dieser Vertrag unterliegt ausschliesslich schweizerischem Recht.<\/p><p>8.2 Erf\u00fcllungsort ist der Sitz des Lizenzgebers.<\/p><p>8.3 Ist der Kunde Kaufmann, eine juristische Person des \u00f6ffentlichen Rechts oder eine juristische Person des \u00f6ffentlichen Rechts, ist ausschliesslicher Gerichtsstand f\u00fcr alle Anspr\u00fcche aus dem Vertragsverh\u00e4ltnis Freiburg.<\/p>\t\t\t\t\t<\/div>\n\t\t\t\t\t\t<\/div>\n\t\t\t\t<\/div>\n\t\t\t\t\t\t<\/div>\n\t\t\t\t\t<\/div>\n\t\t<\/div>\n\t\t\t\t\t\t\t\t<\/div>\n\t\t\t\t\t<\/div>\n\t\t<\/section>\n\t\t\t\t<section class=\"elementor-section elementor-top-section elementor-element elementor-element-69d2ee9 elementor-section-boxed elementor-section-height-default elementor-section-height-default\" data-id=\"69d2ee9\" data-element_type=\"section\">\n\t\t\t\t\t\t<div class=\"elementor-container elementor-column-gap-default\">\n\t\t\t\t\t\t\t<div class=\"elementor-row\">\n\t\t\t\t\t<div class=\"elementor-column elementor-col-100 elementor-top-column elementor-element elementor-element-ccfe98e\" data-id=\"ccfe98e\" data-element_type=\"column\">\n\t\t\t<div class=\"elementor-column-wrap elementor-element-populated\">\n\t\t\t\t\t\t\t<div class=\"elementor-widget-wrap\">\n\t\t\t\t\t\t<div class=\"elementor-element elementor-element-b17f1ba elementor-widget elementor-widget-text-editor\" data-id=\"b17f1ba\" data-element_type=\"widget\" data-widget_type=\"text-editor.default\">\n\t\t\t\t<div class=\"elementor-widget-container\">\n\t\t\t\t\t\t\t\t<div class=\"elementor-text-editor elementor-clearfix\">\n\t\t\t\t<hr \/><p><strong><span style=\"color: #cc3333;\">ACKNOWLEDGEMENTS<\/span><\/strong><\/p><p>Some portions of Helvest software\/firmware may utilize the following copyrighted material, the use of which is hereby acknowledged:<\/p><hr \/><ul><li>avrSerial by Thomas Buck<\/li><\/ul><div>Copyright (c) 2012 &#8211; 2017 Thomas Buck <\/div><div>All rights reserved.<\/div><div><div>THIS SOFTWARE IS PROVIDED BY THE COPYRIGHT HOLDERS AND CONTRIBUTORS<\/div><div>&#8220;AS IS&#8221; AND ANY EXPRESS OR IMPLIED WARRANTIES, INCLUDING, BUT NOT LIMITED<\/div><div>TO, THE IMPLIED WARRANTIES OF MERCHANTABILITY AND FITNESS FOR A PARTICULAR<\/div><div>PURPOSE ARE DISCLAIMED. IN NO EVENT SHALL THE COPYRIGHT HOLDER OR<\/div><div>CONTRIBUTORS BE LIABLE FOR ANY DIRECT, INDIRECT, INCIDENTAL, SPECIAL,<\/div><div>EXEMPLARY, OR CONSEQUENTIAL DAMAGES (INCLUDING, BUT NOT LIMITED TO,<\/div><div>PROCUREMENT OF SUBSTITUTE GOODS OR SERVICES; LOSS OF USE, DATA, OR<\/div><div>PROFITS; OR BUSINESS INTERRUPTION) HOWEVER CAUSED AND ON ANY THEORY OF<\/div><div>LIABILITY, WHETHER IN CONTRACT, STRICT LIABILITY, OR TORT (INCLUDING<\/div><div>NEGLIGENCE OR OTHERWISE) ARISING IN ANY WAY OUT OF THE USE OF THIS<\/div><div>SOFTWARE, EVEN IF ADVISED OF THE POSSIBILITY OF SUCH DAMAGE.<\/div><div id=\"\"><div>\u00a0<\/div><\/div><\/div><p>\u00a0<\/p>\t\t\t\t\t<\/div>\n\t\t\t\t\t\t<\/div>\n\t\t\t\t<\/div>\n\t\t\t\t\t\t<\/div>\n\t\t\t\t\t<\/div>\n\t\t<\/div>\n\t\t\t\t\t\t\t\t<\/div>\n\t\t\t\t\t<\/div>\n\t\t<\/section>\n\t\t\t\t\t\t\t\t\t<\/div>\n\t\t\t<\/div>\n\t\t\t\t\t<\/div>\n\t\t","protected":false},"excerpt":{"rendered":"<p>Nutzung, Upgrade und Download der Software- und Firmware-Produkte von Helvest Systems GmbH Allgemeine Lizenzbedingungen f\u00fcr Software- und Firmware-Produkte der Helvest Sysyems GmbH, route des Pervenches 1, 1700 Fribourg (CH). Der Benutzer wird gebeten, die Lizenzbedingungen zu lesen, bevor er die &hellip; <a href=\"https:\/\/helvest.ch\/eu\/de\/sf-lizenz-de\/\">Read More<\/a><\/p>\n","protected":false},"author":1,"featured_media":0,"parent":0,"menu_order":0,"comment_status":"closed","ping_status":"closed","template":"","meta":{"footnotes":""},"class_list":["post-1128","page","type-page","status-publish","hentry"],"_links":{"self":[{"href":"https:\/\/helvest.ch\/eu\/wp-json\/wp\/v2\/pages\/1128","targetHints":{"allow":["GET"]}}],"collection":[{"href":"https:\/\/helvest.ch\/eu\/wp-json\/wp\/v2\/pages"}],"about":[{"href":"https:\/\/helvest.ch\/eu\/wp-json\/wp\/v2\/types\/page"}],"author":[{"embeddable":true,"href":"https:\/\/helvest.ch\/eu\/wp-json\/wp\/v2\/users\/1"}],"replies":[{"embeddable":true,"href":"https:\/\/helvest.ch\/eu\/wp-json\/wp\/v2\/comments?post=1128"}],"version-history":[{"count":3,"href":"https:\/\/helvest.ch\/eu\/wp-json\/wp\/v2\/pages\/1128\/revisions"}],"predecessor-version":[{"id":1131,"href":"https:\/\/helvest.ch\/eu\/wp-json\/wp\/v2\/pages\/1128\/revisions\/1131"}],"wp:attachment":[{"href":"https:\/\/helvest.ch\/eu\/wp-json\/wp\/v2\/media?parent=1128"}],"curies":[{"name":"wp","href":"https:\/\/api.w.org\/{rel}","templated":true}]}}