{"id":1117,"date":"2020-01-24T08:06:10","date_gmt":"2020-01-24T08:06:10","guid":{"rendered":"https:\/\/helvest.ch\/eu\/?page_id=1117"},"modified":"2020-01-24T08:09:24","modified_gmt":"2020-01-24T08:09:24","slug":"cookie-informationen-de","status":"publish","type":"page","link":"https:\/\/helvest.ch\/eu\/de\/cookie-informationen-de\/","title":{"rendered":"Cookie-Informationen"},"content":{"rendered":"\t\t<div data-elementor-type=\"wp-post\" data-elementor-id=\"1117\" class=\"elementor elementor-1117\">\n\t\t\t\t\t\t<div class=\"elementor-inner\">\n\t\t\t\t<div class=\"elementor-section-wrap\">\n\t\t\t\t\t\t\t\t\t<section class=\"elementor-section elementor-top-section elementor-element elementor-element-1940e85 elementor-section-boxed elementor-section-height-default elementor-section-height-default\" data-id=\"1940e85\" data-element_type=\"section\">\n\t\t\t\t\t\t<div class=\"elementor-container elementor-column-gap-default\">\n\t\t\t\t\t\t\t<div class=\"elementor-row\">\n\t\t\t\t\t<div class=\"elementor-column elementor-col-100 elementor-top-column elementor-element elementor-element-87ed240\" data-id=\"87ed240\" data-element_type=\"column\">\n\t\t\t<div class=\"elementor-column-wrap elementor-element-populated\">\n\t\t\t\t\t\t\t<div class=\"elementor-widget-wrap\">\n\t\t\t\t\t\t<div class=\"elementor-element elementor-element-1fd2f81 elementor-widget elementor-widget-text-editor\" data-id=\"1fd2f81\" data-element_type=\"widget\" data-widget_type=\"text-editor.default\">\n\t\t\t\t<div class=\"elementor-widget-container\">\n\t\t\t\t\t\t\t\t<div class=\"elementor-text-editor elementor-clearfix\">\n\t\t\t\t<p style=\"text-align: center;\" align=\"justify\"><span style=\"color: #cc3333;\"><span style=\"font-family: Rubik Medium;\">\u00dcber Cookies<\/span><\/span><\/p><p align=\"justify\"><span style=\"font-family: Rubik Light;\"><b><span style=\"color: #cc3333;\">Was sind Cookies<\/span> <\/b><\/span><\/p><p>Ein &#8220;Cookie&#8221; ist eine Textdatei, die auf Ihrem Computer gespeichert wird, wenn Sie auf eine Website zugreifen, um bei jedem erneuten Besuch derselben Website Informationen bereitzustellen. Es ist eine Art Erinnerung an die besuchte Internetseite. Mit dem Cookie sendet der Webserver Informationen an den Browser des Benutzers (Internet Explorer, Mozilla Firefox, Google Chrome usw.), die auf dem Computer des Benutzers gespeichert sind und bei jeder R\u00fcckkehr des Benutzers auf die Website gelesen und aktualisiert werden. Auf diese Weise kann sich die Website automatisch an den Benutzer anpassen. W\u00e4hrend der Navigation kann der Benutzer auf seinem Terminal auch Cookies von verschiedenen Websites (&#8220;Cookies von Dritten&#8221;) erhalten, die direkt von den Betreibern dieser Websites gesetzt und f\u00fcr die von ihnen definierten Zwecke und auf die von ihnen festgelegte Weise verwendet werden. Je nach ihrer Dauer werden sie in Session-Cookies (d.h. solche, die am Ende der Browsersitzung durch Schlie\u00dfen des Browsers tempor\u00e4r und automatisch vom Terminal gel\u00f6scht werden) und persistente Cookies (d.h. solche, die auf dem Terminal gespeichert bleiben, bis sie ablaufen oder vom Benutzer gel\u00f6scht werden) unterteilt. Je nach Funktion und Verwendungszweck lassen sich Cookies in technische Cookies und Profiling-Cookies unterteilen.<\/p><p align=\"justify\"><span style=\"font-family: Rubik Light;\"><b><span style=\"color: #cc3333;\">Technische Cookies<\/span> <\/b><\/span><\/p><p>Einige Cookies werden verwendet, um die Computerauthentifizierung, die Sitzungsverfolgung und die Speicherung spezifischer Informationen \u00fcber Benutzer, die auf eine Webseite zugreifen, durchzuf\u00fchren. Diese Cookies, so genannte technische Cookies, sind oft n\u00fctzlich, um Ihnen das Surfen auf einer Website und die Nutzung aller ihrer Funktionen zu erm\u00f6glichen. Technische Cookies sind Cookies, deren Verwendung nicht die Zustimmung des Benutzers erfordert. Zu dieser Kategorie geh\u00f6ren auch Analytik-Cookies. Es handelt sich um Cookies, die Informationen \u00fcber die Nutzung einer Website durch einen Benutzer sammeln und deren Betrieb verbessern. Analytics-Cookies zeigen beispielsweise an, welche Seiten am h\u00e4ufigsten besucht werden, erm\u00f6glichen es Ihnen, zu sehen, welche Nutzungsmuster einer Website wiederkehren und helfen Ihnen, Schwierigkeiten bei der Nutzung zu verstehen.<\/p><p align=\"justify\"><span style=\"font-family: Rubik Light;\"><b><span style=\"color: #cc3333;\">Profiling-Cookies<\/span> <\/b><\/span><\/p><p>Andere Cookies k\u00f6nnen stattdessen verwendet werden, um die Benutzer w\u00e4hrend ihres Surfens zu \u00fcberwachen und ein Profil zu erstellen, ihre Bewegungen und Web-Surfen oder ihre Konsumgewohnheiten (was sie kaufen, was sie lesen usw.) zu studieren, auch um gezielte und personalisierte Werbung f\u00fcr Dienstleistungen zu versenden. In diesem Fall handelt es sich um die Profilierung von Cookies. Die Verwendung dieser Cookies erfordert die vorherige Einholung der freien Einwilligung des Nutzers in Kenntnis der Sachlage gem\u00e4\u00df Art. 7 der EU-Verordnung 2016\/679.<\/p><p align=\"justify\"><span style=\"font-family: Rubik Light;\"><b><span style=\"color: #cc3333;\">Cookies von Dritten<\/span> <\/b><\/span><\/p><p align=\"justify\"><span style=\"font-family: Rubik Light;\">Es kann auch vorkommen, dass eine Webseite Cookies von anderen Seiten und Inhalte in verschiedenen Elementen enth\u00e4lt, die auf der Seite selbst gehostet werden, wie z.B. Werbebanner, Bilder, Videos, Karten oder spezifische Links zu Webseiten anderer Domains, die auf anderen Servern als dem, auf dem sich die angeforderte Seite befindet, liegen. Mit anderen Worten, diese Cookies werden direkt von anderen Website-Betreibern oder Servern als dieser Website gesetzt. In diesen F\u00e4llen handelt es sich um so genannte Third-Party-Cookies, die in der Regel f\u00fcr die Erstellung von Profilen verwendet werden. Die Verwendung dieser Cookies erfordert die vorherige Einholung der kostenlosen Zustimmung des Nutzers in Kenntnis der Sachlage.<\/span><\/p><p align=\"justify\"><span style=\"font-family: Rubik Light; color: #cc3333;\">Welche Arten von Cookies werden auf unserer Website verwendet?<\/span><\/p><p align=\"justify\"><span style=\"font-family: Rubik Light;\">Die Hauptfunktionen der von www.helvest.ch\/eu installierten Cookies sind technischer Art, sie werden zur st\u00e4ndigen Verbesserung des Dienstes, zur Authentifizierung, zu statistischen Zwecken, wie z.B. zur Z\u00e4hlung der Besuche auf der Website, verwendet. Die Verwendung von Cookies ist daher streng darauf ausgerichtet, die Funktionen des Servers w\u00e4hrend der Navigation des Dienstes zu erleichtern. Die Website verwendet keine Cookies von Dritten auf Seiten, die sich auf die Domain helvest.ch\/eu beziehen. Wenn Sie auf bestimmte Links klicken, werden Sie zu externen Seiten weitergeleitet, z.B. zu Kan\u00e4len in sozialen Netzwerken oder zu Formularen f\u00fcr die sichere Bezahlung mit Kreditkarte. Diese verwenden Cookies, die keine propriet\u00e4ren Tools sind, daher k\u00f6nnen Sie f\u00fcr weitere Informationen auf die Informations- und Einwilligungsformulare von Dritten zugreifen, indem Sie auf die Links auf diesen Seiten klicken. Die Seiten der Website enthalten einige Facebook- und Instagram-Widgets und Sharing-Buttons, um dem Benutzer die M\u00f6glichkeit zu geben, die Inhalte der Website auf ihren sozialen Kan\u00e4len zu teilen und mit unseren Kan\u00e4len zu interagieren. Diese Cookies sind keine Tools, die wir besitzen, sondern werden von Facebook bzw. Instagram erstellt, wenn Sie das jeweilige Widget oder die Schaltfl\u00e4che zum Freigeben verwenden. Um mehr zu erfahren, besuchen Sie bitte die entsprechenden Informationsseiten. Einige Webseiten enthalten Videoinhalte von YouTube. Wenn Sie eine Seite besuchen, die ein Video enth\u00e4lt, oder auf das Video klicken, werden m\u00f6glicherweise Cookies von YouTube aufgerufen. Diese Cookies sind nicht unser Eigentum. Um mehr zu erfahren, besuchen Sie die Informationsseite von Google. Die Website kann die von Facebook Inc. betriebenen Facebook ADS-Programme, Google Adwords und die von Google Inc. verwaltete Google Remarketing-Technologie verwenden. Die Facebook ADS- und AdWords-Konversionsverfolgungsfunktion verwendet ebenfalls Cookies, um Verk\u00e4ufe und andere Konversionen zu verfolgen.<\/span><\/p><p align=\"justify\"><span style=\"font-family: Rubik Light; color: #cc3333;\">Cookies-Verwaltung<\/span><\/p><p align=\"justify\"><span style=\"font-family: Rubik Light;\">Sie k\u00f6nnen Ihre Cookie-Pr\u00e4ferenzen \u00fcber die Funktionen g\u00e4ngiger Browser verwalten, die es Ihnen erm\u00f6glichen, Cookies (ganz oder teilweise) zu l\u00f6schen\/entfernen oder Ihre Browsereinstellungen zu \u00e4ndern, um Cookies zu blockieren oder auf bestimmte Websites (im Gegensatz zu anderen) zu beschr\u00e4nken. Sie k\u00f6nnen daher die Verwendung von Cookies ablehnen, indem Sie das von Ihrem Browser vorgesehene Deaktivierungsverfahren befolgen. Nachfolgend sind die von den wichtigsten Browsern vorgeschlagenen Methoden aufgef\u00fchrt: Microsoft Windows Explorer, Mozilla Firefox, Google Chrome, Apple Safari, Google Analytics durch Herunterladen eines speziellen Browser-Plugins. Um Informationen \u00fcber die auf Ihrem Terminal gespeicherten Cookies zu erhalten und diese individuell zu deaktivieren, besuchen Sie bitte den Link:http:\/\/www.youronlinechoices.com<\/span><\/p><p align=\"justify\"><span style=\"font-family: Rubik Light;\"><b><span style=\"color: #cc3333;\">Plugin Soziales Netzwerk<\/span> <\/b><\/span><\/p><p>Die Website www.helvest.ch\/eu enth\u00e4lt auch Plugins und\/oder Befehle f\u00fcr soziale Netzwerke, um die einfache gemeinsame Nutzung von Inhalten in Ihren bevorzugten sozialen Netzwerken zu erm\u00f6glichen. Diese Plugins sind so programmiert, dass keine Cookies gesetzt werden, wenn Sie auf die Seite zugreifen, um Ihre Privatsph\u00e4re zu sch\u00fctzen. Cookies werden, wenn sie von sozialen Netzwerken zur Verf\u00fcgung gestellt werden, nur dann gesetzt, wenn der Benutzer das Plugin effektiv und freiwillig nutzt. Bitte beachten Sie, dass Sie, wenn Sie in das soziale Netzwerk eingeloggt sind, der Verwendung von Cookies, die \u00fcber diese Website \u00fcbertragen werden, bereits zugestimmt haben, wenn Sie das soziale Netzwerk abonnieren.<\/p><p>Die Sammlung und Nutzung der durch das Plugin erhaltenen Informationen unterliegt den jeweiligen Datenschutzrichtlinien sozialer Netzwerke, auf die Sie sich bitte beziehen.<\/p><p>&#8211; Facebook &#8211; (Cookie-Informationslink)<\/p><p>&#8211; Twitter &#8211; (Cookie-Informationslink)<\/p><p>&#8211; LinkedIn &#8211; (Cookie-Informationslink)<\/p><p>&#8211; Google+ &#8211; (Cookie-Informationslink).<\/p><p>Diese Cookie-Politik kann sich im Laufe der Zeit \u00e4ndern &#8211; auch im Zusammenhang mit dem m\u00f6glichen Inkrafttreten neuer Branchenvorschriften, der Aktualisierung oder Bereitstellung neuer Dienstleistungen oder technologischer Innovationen &#8211; daher wird der Benutzer\/Besucher gebeten, diese Seite www.helvest.ch\/eu regelm\u00e4\u00dfig zu konsultieren.<\/p><p>\u00a0<\/p>\t\t\t\t\t<\/div>\n\t\t\t\t\t\t<\/div>\n\t\t\t\t<\/div>\n\t\t\t\t\t\t<\/div>\n\t\t\t\t\t<\/div>\n\t\t<\/div>\n\t\t\t\t\t\t\t\t<\/div>\n\t\t\t\t\t<\/div>\n\t\t<\/section>\n\t\t\t\t\t\t\t\t\t<\/div>\n\t\t\t<\/div>\n\t\t\t\t\t<\/div>\n\t\t","protected":false},"excerpt":{"rendered":"<p>\u00dcber Cookies Was sind Cookies Ein &#8220;Cookie&#8221; ist eine Textdatei, die auf Ihrem Computer gespeichert wird, wenn Sie auf eine Website zugreifen, um bei jedem erneuten Besuch derselben Website Informationen bereitzustellen. Es ist eine Art Erinnerung an die besuchte Internetseite. &hellip; <a href=\"https:\/\/helvest.ch\/eu\/de\/cookie-informationen-de\/\">Read More<\/a><\/p>\n","protected":false},"author":1,"featured_media":0,"parent":0,"menu_order":0,"comment_status":"closed","ping_status":"closed","template":"","meta":{"footnotes":""},"class_list":["post-1117","page","type-page","status-publish","hentry"],"_links":{"self":[{"href":"https:\/\/helvest.ch\/eu\/wp-json\/wp\/v2\/pages\/1117","targetHints":{"allow":["GET"]}}],"collection":[{"href":"https:\/\/helvest.ch\/eu\/wp-json\/wp\/v2\/pages"}],"about":[{"href":"https:\/\/helvest.ch\/eu\/wp-json\/wp\/v2\/types\/page"}],"author":[{"embeddable":true,"href":"https:\/\/helvest.ch\/eu\/wp-json\/wp\/v2\/users\/1"}],"replies":[{"embeddable":true,"href":"https:\/\/helvest.ch\/eu\/wp-json\/wp\/v2\/comments?post=1117"}],"version-history":[{"count":4,"href":"https:\/\/helvest.ch\/eu\/wp-json\/wp\/v2\/pages\/1117\/revisions"}],"predecessor-version":[{"id":1121,"href":"https:\/\/helvest.ch\/eu\/wp-json\/wp\/v2\/pages\/1117\/revisions\/1121"}],"wp:attachment":[{"href":"https:\/\/helvest.ch\/eu\/wp-json\/wp\/v2\/media?parent=1117"}],"curies":[{"name":"wp","href":"https:\/\/api.w.org\/{rel}","templated":true}]}}